{"id":7821,"date":"2017-03-24T00:40:18","date_gmt":"2017-03-24T03:40:18","guid":{"rendered":"http:\/\/www.condominiosverdes.com.br\/asociaciones\/"},"modified":"2017-03-24T00:46:14","modified_gmt":"2017-03-24T03:46:14","slug":"asociaciones","status":"publish","type":"page","link":"https:\/\/www.condominiosverdes.com.br\/es\/asociaciones\/","title":{"rendered":"Asociaciones"},"content":{"rendered":"<p>[vc_row][vc_column width=\u00bb1\/2&#8243;][vc_single_image image=\u00bb7754&#8243; img_size=\u00bbfull\u00bb][\/vc_column][vc_column width=\u00bb1\/2&#8243;][vc_column_text]El Green Building Council Brasil (GBC Brasil) es una ONG que tiene como objetivo promover la industria de la construcci\u00f3n sostenible en Brasil, usando las fuerzas del mercado para impulsar la adopci\u00f3n de pr\u00e1cticas de construcci\u00f3n verde en un proceso integrado de dise\u00f1o, implementaci\u00f3n, construcci\u00f3n y operaci\u00f3n de edificios y espacios construidos. Secovi R\u00edo junto con GBC Brasil, realiza cursos de preparaci\u00f3n para los profesionales que deseen especializarse en la certificaci\u00f3n LEED y tambien es un partidario institucional de Greenbuilding Brasil Conferencia y Exposici\u00f3n Internacional, considerado el evento principal de la construcci\u00f3n sostenible en Brasil.[\/vc_column_text][\/vc_column][\/vc_row]<\/p>\n","protected":false},"excerpt":{"rendered":"<p>[vc_row][vc_column width=\u00bb1\/2&#8243;][vc_single_image image=\u00bb7754&#8243; img_size=\u00bbfull\u00bb][\/vc_column][vc_column width=\u00bb1\/2&#8243;][vc_column_text]El Green Building Council Brasil (GBC Brasil) es una ONG que tiene como objetivo promover la industria de la construcci\u00f3n sostenible en Brasil, usando las fuerzas del mercado para impulsar la adopci\u00f3n de pr\u00e1cticas de construcci\u00f3n verde en un proceso integrado de dise\u00f1o, implementaci\u00f3n, construcci\u00f3n y operaci\u00f3n de edificios y espacios<\/p>\n","protected":false},"author":1,"featured_media":0,"parent":0,"menu_order":0,"comment_status":"closed","ping_status":"closed","template":"","meta":{"_monsterinsights_skip_tracking":false,"_monsterinsights_sitenote_active":false,"_monsterinsights_sitenote_note":"","_monsterinsights_sitenote_category":0,"footnotes":""},"class_list":["post-7821","page","type-page","status-publish"],"yoast_head":"<!-- This site is optimized with the Yoast SEO plugin v27.4 - https:\/\/yoast.com\/product\/yoast-seo-wordpress\/ -->\n<title>Asociaciones - Condom\u00ednios Verdes<\/title>\n<meta name=\"robots\" content=\"index, follow, max-snippet:-1, max-image-preview:large, max-video-preview:-1\" \/>\n<link rel=\"canonical\" href=\"https:\/\/www.condominiosverdes.com.br\/es\/asociaciones\/\" \/>\n<meta property=\"og:locale\" content=\"es_ES\" \/>\n<meta property=\"og:type\" content=\"article\" \/>\n<meta property=\"og:title\" content=\"Asociaciones - Condom\u00ednios Verdes\" \/>\n<meta property=\"og:description\" content=\"[vc_row][vc_column width=\u00bb1\/2&#8243;][vc_single_image image=\u00bb7754&#8243; img_size=\u00bbfull\u00bb][\/vc_column][vc_column width=\u00bb1\/2&#8243;][vc_column_text]El Green Building Council Brasil (GBC Brasil) es una ONG que tiene como objetivo promover la industria de la construcci\u00f3n sostenible en Brasil, usando las fuerzas del mercado para impulsar la adopci\u00f3n de pr\u00e1cticas de construcci\u00f3n verde en un proceso integrado de dise\u00f1o, implementaci\u00f3n, construcci\u00f3n y operaci\u00f3n de edificios y espacios\" \/>\n<meta property=\"og:url\" content=\"https:\/\/www.condominiosverdes.com.br\/es\/asociaciones\/\" \/>\n<meta property=\"og:site_name\" content=\"Condom\u00ednios Verdes\" \/>\n<meta property=\"article:publisher\" content=\"https:\/\/www.facebook.com\/blogcondominiosverdes\" \/>\n<meta property=\"article:modified_time\" content=\"2017-03-24T03:46:14+00:00\" \/>\n<meta name=\"twitter:card\" content=\"summary_large_image\" \/>\n<meta name=\"twitter:site\" content=\"@blogcondoverdes\" \/>\n<meta name=\"twitter:label1\" content=\"Tiempo de lectura\" \/>\n\t<meta name=\"twitter:data1\" content=\"1 minuto\" \/>\n<script type=\"application\/ld+json\" class=\"yoast-schema-graph\">{\"@context\":\"https:\\\/\\\/schema.org\",\"@graph\":[{\"@type\":\"WebPage\",\"@id\":\"https:\\\/\\\/www.condominiosverdes.com.br\\\/es\\\/asociaciones\\\/\",\"url\":\"https:\\\/\\\/www.condominiosverdes.com.br\\\/es\\\/asociaciones\\\/\",\"name\":\"Asociaciones - Condom\u00ednios Verdes\",\"isPartOf\":{\"@id\":\"https:\\\/\\\/www.condominiosverdes.com.br\\\/#website\"},\"datePublished\":\"2017-03-24T03:40:18+00:00\",\"dateModified\":\"2017-03-24T03:46:14+00:00\",\"breadcrumb\":{\"@id\":\"https:\\\/\\\/www.condominiosverdes.com.br\\\/es\\\/asociaciones\\\/#breadcrumb\"},\"inLanguage\":\"es\",\"potentialAction\":[{\"@type\":\"ReadAction\",\"target\":[\"https:\\\/\\\/www.condominiosverdes.com.br\\\/es\\\/asociaciones\\\/\"]}]},{\"@type\":\"BreadcrumbList\",\"@id\":\"https:\\\/\\\/www.condominiosverdes.com.br\\\/es\\\/asociaciones\\\/#breadcrumb\",\"itemListElement\":[{\"@type\":\"ListItem\",\"position\":1,\"name\":\"Home\",\"item\":\"https:\\\/\\\/www.condominiosverdes.com.br\\\/\"},{\"@type\":\"ListItem\",\"position\":2,\"name\":\"Asociaciones\"}]},{\"@type\":\"WebSite\",\"@id\":\"https:\\\/\\\/www.condominiosverdes.com.br\\\/#website\",\"url\":\"https:\\\/\\\/www.condominiosverdes.com.br\\\/\",\"name\":\"Condom\u00ednios Verdes\",\"description\":\"\",\"publisher\":{\"@id\":\"https:\\\/\\\/www.condominiosverdes.com.br\\\/#organization\"},\"potentialAction\":[{\"@type\":\"SearchAction\",\"target\":{\"@type\":\"EntryPoint\",\"urlTemplate\":\"https:\\\/\\\/www.condominiosverdes.com.br\\\/?s={search_term_string}\"},\"query-input\":{\"@type\":\"PropertyValueSpecification\",\"valueRequired\":true,\"valueName\":\"search_term_string\"}}],\"inLanguage\":\"es\"},{\"@type\":\"Organization\",\"@id\":\"https:\\\/\\\/www.condominiosverdes.com.br\\\/#organization\",\"name\":\"Condom\u00ednios Verdes\",\"url\":\"https:\\\/\\\/www.condominiosverdes.com.br\\\/\",\"logo\":{\"@type\":\"ImageObject\",\"inLanguage\":\"es\",\"@id\":\"https:\\\/\\\/www.condominiosverdes.com.br\\\/#\\\/schema\\\/logo\\\/image\\\/\",\"url\":\"https:\\\/\\\/www.condominiosverdes.com.br\\\/wp-content\\\/uploads\\\/2017\\\/04\\\/Sele\u00e7\u00e3o_010.png\",\"contentUrl\":\"https:\\\/\\\/www.condominiosverdes.com.br\\\/wp-content\\\/uploads\\\/2017\\\/04\\\/Sele\u00e7\u00e3o_010.png\",\"width\":373,\"height\":167,\"caption\":\"Condom\u00ednios Verdes\"},\"image\":{\"@id\":\"https:\\\/\\\/www.condominiosverdes.com.br\\\/#\\\/schema\\\/logo\\\/image\\\/\"},\"sameAs\":[\"https:\\\/\\\/www.facebook.com\\\/blogcondominiosverdes\",\"https:\\\/\\\/x.com\\\/blogcondoverdes\",\"https:\\\/\\\/www.instagram.com\\\/condominiosverdes\\\/\"]}]}<\/script>\n<!-- \/ Yoast SEO plugin. -->","yoast_head_json":{"title":"Asociaciones - Condom\u00ednios Verdes","robots":{"index":"index","follow":"follow","max-snippet":"max-snippet:-1","max-image-preview":"max-image-preview:large","max-video-preview":"max-video-preview:-1"},"canonical":"https:\/\/www.condominiosverdes.com.br\/es\/asociaciones\/","og_locale":"es_ES","og_type":"article","og_title":"Asociaciones - Condom\u00ednios Verdes","og_description":"[vc_row][vc_column width=\u00bb1\/2&#8243;][vc_single_image image=\u00bb7754&#8243; img_size=\u00bbfull\u00bb][\/vc_column][vc_column width=\u00bb1\/2&#8243;][vc_column_text]El Green Building Council Brasil (GBC Brasil) es una ONG que tiene como objetivo promover la industria de la construcci\u00f3n sostenible en Brasil, usando las fuerzas del mercado para impulsar la adopci\u00f3n de pr\u00e1cticas de construcci\u00f3n verde en un proceso integrado de dise\u00f1o, implementaci\u00f3n, construcci\u00f3n y operaci\u00f3n de edificios y espacios","og_url":"https:\/\/www.condominiosverdes.com.br\/es\/asociaciones\/","og_site_name":"Condom\u00ednios Verdes","article_publisher":"https:\/\/www.facebook.com\/blogcondominiosverdes","article_modified_time":"2017-03-24T03:46:14+00:00","twitter_card":"summary_large_image","twitter_site":"@blogcondoverdes","twitter_misc":{"Tiempo de lectura":"1 minuto"},"schema":{"@context":"https:\/\/schema.org","@graph":[{"@type":"WebPage","@id":"https:\/\/www.condominiosverdes.com.br\/es\/asociaciones\/","url":"https:\/\/www.condominiosverdes.com.br\/es\/asociaciones\/","name":"Asociaciones - Condom\u00ednios Verdes","isPartOf":{"@id":"https:\/\/www.condominiosverdes.com.br\/#website"},"datePublished":"2017-03-24T03:40:18+00:00","dateModified":"2017-03-24T03:46:14+00:00","breadcrumb":{"@id":"https:\/\/www.condominiosverdes.com.br\/es\/asociaciones\/#breadcrumb"},"inLanguage":"es","potentialAction":[{"@type":"ReadAction","target":["https:\/\/www.condominiosverdes.com.br\/es\/asociaciones\/"]}]},{"@type":"BreadcrumbList","@id":"https:\/\/www.condominiosverdes.com.br\/es\/asociaciones\/#breadcrumb","itemListElement":[{"@type":"ListItem","position":1,"name":"Home","item":"https:\/\/www.condominiosverdes.com.br\/"},{"@type":"ListItem","position":2,"name":"Asociaciones"}]},{"@type":"WebSite","@id":"https:\/\/www.condominiosverdes.com.br\/#website","url":"https:\/\/www.condominiosverdes.com.br\/","name":"Condom\u00ednios Verdes","description":"","publisher":{"@id":"https:\/\/www.condominiosverdes.com.br\/#organization"},"potentialAction":[{"@type":"SearchAction","target":{"@type":"EntryPoint","urlTemplate":"https:\/\/www.condominiosverdes.com.br\/?s={search_term_string}"},"query-input":{"@type":"PropertyValueSpecification","valueRequired":true,"valueName":"search_term_string"}}],"inLanguage":"es"},{"@type":"Organization","@id":"https:\/\/www.condominiosverdes.com.br\/#organization","name":"Condom\u00ednios Verdes","url":"https:\/\/www.condominiosverdes.com.br\/","logo":{"@type":"ImageObject","inLanguage":"es","@id":"https:\/\/www.condominiosverdes.com.br\/#\/schema\/logo\/image\/","url":"https:\/\/www.condominiosverdes.com.br\/wp-content\/uploads\/2017\/04\/Sele\u00e7\u00e3o_010.png","contentUrl":"https:\/\/www.condominiosverdes.com.br\/wp-content\/uploads\/2017\/04\/Sele\u00e7\u00e3o_010.png","width":373,"height":167,"caption":"Condom\u00ednios Verdes"},"image":{"@id":"https:\/\/www.condominiosverdes.com.br\/#\/schema\/logo\/image\/"},"sameAs":["https:\/\/www.facebook.com\/blogcondominiosverdes","https:\/\/x.com\/blogcondoverdes","https:\/\/www.instagram.com\/condominiosverdes\/"]}]}},"_links":{"self":[{"href":"https:\/\/www.condominiosverdes.com.br\/es\/wp-json\/wp\/v2\/pages\/7821","targetHints":{"allow":["GET"]}}],"collection":[{"href":"https:\/\/www.condominiosverdes.com.br\/es\/wp-json\/wp\/v2\/pages"}],"about":[{"href":"https:\/\/www.condominiosverdes.com.br\/es\/wp-json\/wp\/v2\/types\/page"}],"author":[{"embeddable":true,"href":"https:\/\/www.condominiosverdes.com.br\/es\/wp-json\/wp\/v2\/users\/1"}],"replies":[{"embeddable":true,"href":"https:\/\/www.condominiosverdes.com.br\/es\/wp-json\/wp\/v2\/comments?post=7821"}],"version-history":[{"count":2,"href":"https:\/\/www.condominiosverdes.com.br\/es\/wp-json\/wp\/v2\/pages\/7821\/revisions"}],"predecessor-version":[{"id":7827,"href":"https:\/\/www.condominiosverdes.com.br\/es\/wp-json\/wp\/v2\/pages\/7821\/revisions\/7827"}],"wp:attachment":[{"href":"https:\/\/www.condominiosverdes.com.br\/es\/wp-json\/wp\/v2\/media?parent=7821"}],"curies":[{"name":"wp","href":"https:\/\/api.w.org\/{rel}","templated":true}]}}