{"id":7830,"date":"2017-03-24T00:50:51","date_gmt":"2017-03-24T03:50:51","guid":{"rendered":"http:\/\/www.condominiosverdes.com.br\/sostenibilidad-para-todos\/"},"modified":"2017-04-17T14:55:41","modified_gmt":"2017-04-17T17:55:41","slug":"sostenibilidad-para-todos","status":"publish","type":"page","link":"https:\/\/www.condominiosverdes.com.br\/es\/sostenibilidad-para-todos\/","title":{"rendered":"Sostenibilidad para todos!"},"content":{"rendered":"<p>[vc_row][vc_column][vc_column_text]El Blog Condominios Verdes es el medio de <strong><a href=\"http:\/\/www.secovirio.com.br\" target=\"_blank\">Secovi Rio &#8211; El Sindicato de la Vivienda del Estado de Rio de Janeiro<\/a><\/strong> &#8211; para compartir consejos, noticias e informaci\u00f3n de sostenibilidad. Queremos mantenerlo informado acerca de las pr\u00e1cticas sostenibles en el sector inmobiliario, ayudando a reducir el impacto sobre el medio ambiente y, al mismo tiempo, reducir los costos de su edif\u00edcio.<\/p>\n<p>Pero no se detiene all\u00ed. Os traemos nuevas tecnolog\u00edas que prometen revolucionar nuestro d\u00eda a d\u00eda, proyectos arquitect\u00f3nicos que representan a sostenibilidad, muestran ciudades que se est\u00e1n extendiendo la cultura verde, iniciativas y grupos individuales que han hecho una diferencia en la vida de innumerables personas.<\/p>\n<p>As\u00ed que si usted es curioso, apasionado de la sostenibilidad o simplemente quiere llevar una vida m\u00e1s verde, est\u00e1s en el lugar correcto! Mira el v\u00eddeo a continuaci\u00f3n y aprender un poco m\u00e1s de nuestro proyecto:[\/vc_column_text][vc_video link=\u00bbhttps:\/\/www.youtube.com\/watch?v=LeVHwZWO9AE\u00bb align=\u00bbcenter\u00bb][vc_column_text]El medio ambiente y su bolsillo agradecen![\/vc_column_text][\/vc_column][\/vc_row][vc_row][vc_column width=\u00bb1\/2&#8243;][vc_single_image image=\u00bb7750&#8243; img_size=\u00bbfull\u00bb][\/vc_column][vc_column width=\u00bb1\/2&#8243;][vc_column_text]<strong>Quien hace:<\/strong><\/p>\n<p><strong>Carla Neiva<\/strong> &#8211; <a href=\"mailto:carla.neiva@secovirio.com.br\">carla.neiva@secovirio.com.br<\/a><\/p>\n<p>Analista de Comunicaci\u00f3n &#8211; Secovi R\u00edo<\/p>\n<p>Carla b\u00fasqueda y produce los textos al Blog Condominios Verde y sus redes sociales a tiempo integrale. Postgrada en Comunicaci\u00f3n Empresarial, ha utilizado su experiencia en la escritura y la comunicaci\u00f3n digital en este proyecto. Siempre ha interesado en la sostenibilidad del medio ambiente y ahora nos sumergimos de lleno en el tema, es amante de aprender y compartir m\u00e1s y m\u00e1s sobre \u00e9l. Apasionada por los animales, que ama a los perros e insiste en llamarlos de \u00abpersona\u00bb.[\/vc_column_text][\/vc_column][\/vc_row]<\/p>\n","protected":false},"excerpt":{"rendered":"<p>[vc_row][vc_column][vc_column_text]El Blog Condominios Verdes es el medio de Secovi Rio &#8211; El Sindicato de la Vivienda del Estado de Rio de Janeiro &#8211; para compartir consejos, noticias e informaci\u00f3n de sostenibilidad. Queremos mantenerlo informado acerca de las pr\u00e1cticas sostenibles en el sector inmobiliario, ayudando a reducir el impacto sobre el medio ambiente y, al mismo<\/p>\n","protected":false},"author":1,"featured_media":0,"parent":0,"menu_order":0,"comment_status":"closed","ping_status":"closed","template":"","meta":{"_monsterinsights_skip_tracking":false,"_monsterinsights_sitenote_active":false,"_monsterinsights_sitenote_note":"","_monsterinsights_sitenote_category":0,"footnotes":""},"class_list":["post-7830","page","type-page","status-publish"],"yoast_head":"<!-- This site is optimized with the Yoast SEO plugin v27.4 - https:\/\/yoast.com\/product\/yoast-seo-wordpress\/ -->\n<title>Sostenibilidad para todos! - Condom\u00ednios Verdes<\/title>\n<meta name=\"robots\" content=\"index, follow, max-snippet:-1, max-image-preview:large, max-video-preview:-1\" \/>\n<link rel=\"canonical\" href=\"https:\/\/www.condominiosverdes.com.br\/es\/sostenibilidad-para-todos\/\" \/>\n<meta property=\"og:locale\" content=\"es_ES\" \/>\n<meta property=\"og:type\" content=\"article\" \/>\n<meta property=\"og:title\" content=\"Sostenibilidad para todos! - Condom\u00ednios Verdes\" \/>\n<meta property=\"og:description\" content=\"[vc_row][vc_column][vc_column_text]El Blog Condominios Verdes es el medio de Secovi Rio &#8211; El Sindicato de la Vivienda del Estado de Rio de Janeiro &#8211; para compartir consejos, noticias e informaci\u00f3n de sostenibilidad. Queremos mantenerlo informado acerca de las pr\u00e1cticas sostenibles en el sector inmobiliario, ayudando a reducir el impacto sobre el medio ambiente y, al mismo\" \/>\n<meta property=\"og:url\" content=\"https:\/\/www.condominiosverdes.com.br\/es\/sostenibilidad-para-todos\/\" \/>\n<meta property=\"og:site_name\" content=\"Condom\u00ednios Verdes\" \/>\n<meta property=\"article:publisher\" content=\"https:\/\/www.facebook.com\/blogcondominiosverdes\" \/>\n<meta property=\"article:modified_time\" content=\"2017-04-17T17:55:41+00:00\" \/>\n<meta name=\"twitter:card\" content=\"summary_large_image\" \/>\n<meta name=\"twitter:site\" content=\"@blogcondoverdes\" \/>\n<meta name=\"twitter:label1\" content=\"Tiempo de lectura\" \/>\n\t<meta name=\"twitter:data1\" content=\"2 minutos\" \/>\n<script type=\"application\/ld+json\" class=\"yoast-schema-graph\">{\"@context\":\"https:\\\/\\\/schema.org\",\"@graph\":[{\"@type\":\"WebPage\",\"@id\":\"https:\\\/\\\/www.condominiosverdes.com.br\\\/es\\\/sostenibilidad-para-todos\\\/\",\"url\":\"https:\\\/\\\/www.condominiosverdes.com.br\\\/es\\\/sostenibilidad-para-todos\\\/\",\"name\":\"Sostenibilidad para todos! - Condom\u00ednios Verdes\",\"isPartOf\":{\"@id\":\"https:\\\/\\\/www.condominiosverdes.com.br\\\/#website\"},\"datePublished\":\"2017-03-24T03:50:51+00:00\",\"dateModified\":\"2017-04-17T17:55:41+00:00\",\"breadcrumb\":{\"@id\":\"https:\\\/\\\/www.condominiosverdes.com.br\\\/es\\\/sostenibilidad-para-todos\\\/#breadcrumb\"},\"inLanguage\":\"es\",\"potentialAction\":[{\"@type\":\"ReadAction\",\"target\":[\"https:\\\/\\\/www.condominiosverdes.com.br\\\/es\\\/sostenibilidad-para-todos\\\/\"]}]},{\"@type\":\"BreadcrumbList\",\"@id\":\"https:\\\/\\\/www.condominiosverdes.com.br\\\/es\\\/sostenibilidad-para-todos\\\/#breadcrumb\",\"itemListElement\":[{\"@type\":\"ListItem\",\"position\":1,\"name\":\"Home\",\"item\":\"https:\\\/\\\/www.condominiosverdes.com.br\\\/\"},{\"@type\":\"ListItem\",\"position\":2,\"name\":\"Sostenibilidad para todos!\"}]},{\"@type\":\"WebSite\",\"@id\":\"https:\\\/\\\/www.condominiosverdes.com.br\\\/#website\",\"url\":\"https:\\\/\\\/www.condominiosverdes.com.br\\\/\",\"name\":\"Condom\u00ednios Verdes\",\"description\":\"\",\"publisher\":{\"@id\":\"https:\\\/\\\/www.condominiosverdes.com.br\\\/#organization\"},\"potentialAction\":[{\"@type\":\"SearchAction\",\"target\":{\"@type\":\"EntryPoint\",\"urlTemplate\":\"https:\\\/\\\/www.condominiosverdes.com.br\\\/?s={search_term_string}\"},\"query-input\":{\"@type\":\"PropertyValueSpecification\",\"valueRequired\":true,\"valueName\":\"search_term_string\"}}],\"inLanguage\":\"es\"},{\"@type\":\"Organization\",\"@id\":\"https:\\\/\\\/www.condominiosverdes.com.br\\\/#organization\",\"name\":\"Condom\u00ednios Verdes\",\"url\":\"https:\\\/\\\/www.condominiosverdes.com.br\\\/\",\"logo\":{\"@type\":\"ImageObject\",\"inLanguage\":\"es\",\"@id\":\"https:\\\/\\\/www.condominiosverdes.com.br\\\/#\\\/schema\\\/logo\\\/image\\\/\",\"url\":\"https:\\\/\\\/www.condominiosverdes.com.br\\\/wp-content\\\/uploads\\\/2017\\\/04\\\/Sele\u00e7\u00e3o_010.png\",\"contentUrl\":\"https:\\\/\\\/www.condominiosverdes.com.br\\\/wp-content\\\/uploads\\\/2017\\\/04\\\/Sele\u00e7\u00e3o_010.png\",\"width\":373,\"height\":167,\"caption\":\"Condom\u00ednios Verdes\"},\"image\":{\"@id\":\"https:\\\/\\\/www.condominiosverdes.com.br\\\/#\\\/schema\\\/logo\\\/image\\\/\"},\"sameAs\":[\"https:\\\/\\\/www.facebook.com\\\/blogcondominiosverdes\",\"https:\\\/\\\/x.com\\\/blogcondoverdes\",\"https:\\\/\\\/www.instagram.com\\\/condominiosverdes\\\/\"]}]}<\/script>\n<!-- \/ Yoast SEO plugin. -->","yoast_head_json":{"title":"Sostenibilidad para todos! - Condom\u00ednios Verdes","robots":{"index":"index","follow":"follow","max-snippet":"max-snippet:-1","max-image-preview":"max-image-preview:large","max-video-preview":"max-video-preview:-1"},"canonical":"https:\/\/www.condominiosverdes.com.br\/es\/sostenibilidad-para-todos\/","og_locale":"es_ES","og_type":"article","og_title":"Sostenibilidad para todos! - Condom\u00ednios Verdes","og_description":"[vc_row][vc_column][vc_column_text]El Blog Condominios Verdes es el medio de Secovi Rio &#8211; El Sindicato de la Vivienda del Estado de Rio de Janeiro &#8211; para compartir consejos, noticias e informaci\u00f3n de sostenibilidad. Queremos mantenerlo informado acerca de las pr\u00e1cticas sostenibles en el sector inmobiliario, ayudando a reducir el impacto sobre el medio ambiente y, al mismo","og_url":"https:\/\/www.condominiosverdes.com.br\/es\/sostenibilidad-para-todos\/","og_site_name":"Condom\u00ednios Verdes","article_publisher":"https:\/\/www.facebook.com\/blogcondominiosverdes","article_modified_time":"2017-04-17T17:55:41+00:00","twitter_card":"summary_large_image","twitter_site":"@blogcondoverdes","twitter_misc":{"Tiempo de lectura":"2 minutos"},"schema":{"@context":"https:\/\/schema.org","@graph":[{"@type":"WebPage","@id":"https:\/\/www.condominiosverdes.com.br\/es\/sostenibilidad-para-todos\/","url":"https:\/\/www.condominiosverdes.com.br\/es\/sostenibilidad-para-todos\/","name":"Sostenibilidad para todos! - Condom\u00ednios Verdes","isPartOf":{"@id":"https:\/\/www.condominiosverdes.com.br\/#website"},"datePublished":"2017-03-24T03:50:51+00:00","dateModified":"2017-04-17T17:55:41+00:00","breadcrumb":{"@id":"https:\/\/www.condominiosverdes.com.br\/es\/sostenibilidad-para-todos\/#breadcrumb"},"inLanguage":"es","potentialAction":[{"@type":"ReadAction","target":["https:\/\/www.condominiosverdes.com.br\/es\/sostenibilidad-para-todos\/"]}]},{"@type":"BreadcrumbList","@id":"https:\/\/www.condominiosverdes.com.br\/es\/sostenibilidad-para-todos\/#breadcrumb","itemListElement":[{"@type":"ListItem","position":1,"name":"Home","item":"https:\/\/www.condominiosverdes.com.br\/"},{"@type":"ListItem","position":2,"name":"Sostenibilidad para todos!"}]},{"@type":"WebSite","@id":"https:\/\/www.condominiosverdes.com.br\/#website","url":"https:\/\/www.condominiosverdes.com.br\/","name":"Condom\u00ednios Verdes","description":"","publisher":{"@id":"https:\/\/www.condominiosverdes.com.br\/#organization"},"potentialAction":[{"@type":"SearchAction","target":{"@type":"EntryPoint","urlTemplate":"https:\/\/www.condominiosverdes.com.br\/?s={search_term_string}"},"query-input":{"@type":"PropertyValueSpecification","valueRequired":true,"valueName":"search_term_string"}}],"inLanguage":"es"},{"@type":"Organization","@id":"https:\/\/www.condominiosverdes.com.br\/#organization","name":"Condom\u00ednios Verdes","url":"https:\/\/www.condominiosverdes.com.br\/","logo":{"@type":"ImageObject","inLanguage":"es","@id":"https:\/\/www.condominiosverdes.com.br\/#\/schema\/logo\/image\/","url":"https:\/\/www.condominiosverdes.com.br\/wp-content\/uploads\/2017\/04\/Sele\u00e7\u00e3o_010.png","contentUrl":"https:\/\/www.condominiosverdes.com.br\/wp-content\/uploads\/2017\/04\/Sele\u00e7\u00e3o_010.png","width":373,"height":167,"caption":"Condom\u00ednios Verdes"},"image":{"@id":"https:\/\/www.condominiosverdes.com.br\/#\/schema\/logo\/image\/"},"sameAs":["https:\/\/www.facebook.com\/blogcondominiosverdes","https:\/\/x.com\/blogcondoverdes","https:\/\/www.instagram.com\/condominiosverdes\/"]}]}},"_links":{"self":[{"href":"https:\/\/www.condominiosverdes.com.br\/es\/wp-json\/wp\/v2\/pages\/7830","targetHints":{"allow":["GET"]}}],"collection":[{"href":"https:\/\/www.condominiosverdes.com.br\/es\/wp-json\/wp\/v2\/pages"}],"about":[{"href":"https:\/\/www.condominiosverdes.com.br\/es\/wp-json\/wp\/v2\/types\/page"}],"author":[{"embeddable":true,"href":"https:\/\/www.condominiosverdes.com.br\/es\/wp-json\/wp\/v2\/users\/1"}],"replies":[{"embeddable":true,"href":"https:\/\/www.condominiosverdes.com.br\/es\/wp-json\/wp\/v2\/comments?post=7830"}],"version-history":[{"count":9,"href":"https:\/\/www.condominiosverdes.com.br\/es\/wp-json\/wp\/v2\/pages\/7830\/revisions"}],"predecessor-version":[{"id":8751,"href":"https:\/\/www.condominiosverdes.com.br\/es\/wp-json\/wp\/v2\/pages\/7830\/revisions\/8751"}],"wp:attachment":[{"href":"https:\/\/www.condominiosverdes.com.br\/es\/wp-json\/wp\/v2\/media?parent=7830"}],"curies":[{"name":"wp","href":"https:\/\/api.w.org\/{rel}","templated":true}]}}